{"id":919,"date":"2021-01-29T08:35:07","date_gmt":"2021-01-29T08:35:07","guid":{"rendered":"https:\/\/www.happysunday.eu\/?post_type=product&#038;p=919"},"modified":"2026-04-07T06:55:50","modified_gmt":"2026-04-07T06:55:50","slug":"body-massage-cream-neutral-500ml","status":"publish","type":"product","link":"https:\/\/www.happysunday.eu\/?product=body-massage-cream-neutral-500ml","title":{"rendered":"UNIVERS\u0100LS PROF \u0136ERME\u0145A MAS\u0100\u017dAS KR\u0112MS 500ml"},"content":{"rendered":"<div id=\"product-title\">\n<p><strong>DR KRAUT Body Massage Cream Neutral 500ml<\/strong><\/p>\n<p>Var tikt izmantots ka celul\u012bta kr\u0113ms savienojum\u0101 ar kofe\u012bna koncentr\u0101tu (Coffeine Strong Cellulite 30ml). \u0160\u012bs savienojums lieliski der\u0113s ja ir kapil\u0101ru problemas.<\/p>\n<p>Var tikt izmantots ka dren\u0101\u017eas kr\u0113ms savienojum\u0101 ar Detox koncentr\u0101tu (Detox Draining 30ml). \u0160\u012bs savienojums\u00a0ir v\u0113rsts uz \u0137erme\u0146a problem\u0101tiskaj\u0101m zon\u0101m (k\u0101j\u0101m un s\u0113\u017eamvietu), kas bie\u017ei vien cie\u0161 no \u0161\u0137idruma sastr\u0113guma audos.<\/p>\n<p>Neitr\u0101lais mas\u0101\u017eas kr\u0113ms meistariem, kuriem pat\u012bk improviz\u0113t un rad\u012bt individu\u0101lu pieeju katram klientam. Kr\u0113mu var lietot kombin\u0101cij\u0101 ar augu vai \u0113teriskaj\u0101m e\u013c\u013c\u0101m, ekstraktiem un serumiem. Piem\u0113rots jebkura tipa \u0101dai un \u013cauj veikt da\u017e\u0101das mas\u0101\u017eas tehnikas. Kvie\u0161u d\u012bg\u013cu e\u013c\u013ca kop\u0101 ar A vitam\u012bnu pal\u012bdz re\u0123ener\u0113t un stiprin\u0101t audus, izl\u012bdzin\u0101t smalk\u0101s l\u012bnijas, labi m\u012bkstin\u0101t, k\u0101 ar\u012b att\u012br\u012bt poras un izvad\u012bt toks\u012bnus. Arnika un efejas ekstrakti uzlabo mikrocirkul\u0101ciju, mazina piet\u016bkumu.<\/p>\n<p>Pielietojums: izmanto\u0161ana mas\u0101\u017eas tehnik\u0101.<\/p>\n<p>Lieto\u0161ana ka pretcelul\u012bta kr\u0113mu problemzon\u0101m: pie nepiecie\u0161ama krema daudzums pievienot 3-5 kofe\u012bna koncentrats p\u012blienus uzkl\u0101t uz \u00a0t\u012bras \u0101das ar<\/p>\n<p>viegl\u0101m mas\u0101\u017eas kust\u012bb\u0101m, l\u012bdz t\u0101 piln\u012bb\u0101 uzs\u016bcas.<\/p>\n<p>Lieto\u0161ana ka draining kr\u0113mu problemzon\u0101m: pie nepiecie\u0161ama krema daudzums pievienot 3-5 detox draining koncentr\u0101ta p\u012blienus uzkl\u0101t uz \u00a0t\u012bras \u0101das ar viegl\u0101m mas\u0101\u017eas kust\u012bb\u0101m, l\u012bdz t\u0101 piln\u012bb\u0101 uzs\u016bcas.<\/p>\n<p>Akt\u012bv\u0101s sast\u0101vda\u013cas: kvie\u0161u asnu e\u013c\u013ca, sojas pupu e\u013c\u013ca, efejas e\u013c\u013cas ekstrakts, arnikas e\u013c\u013cas ekstrakts, d\u0101rze\u0146u glicer\u012bns, E vitam\u012bns.<\/p>\n<\/div>\n","protected":false},"excerpt":{"rendered":"<p>DR KRAUT Body Massage Cream Neutral 500ml Var tikt izmantots ka celul\u012bta kr\u0113ms savienojum\u0101 ar kofe\u012bna koncentr\u0101tu (Coffeine Strong Cellulite 30ml). \u0160\u012bs savienojums lieliski der\u0113s ja ir kapil\u0101ru problemas. Var tikt izmantots ka dren\u0101\u017eas kr\u0113ms savienojum\u0101 ar Detox koncentr\u0101tu (Detox Draining 30ml). \u0160\u012bs savienojums\u00a0ir v\u0113rsts uz \u0137erme\u0146a problem\u0101tiskaj\u0101m zon\u0101m (k\u0101j\u0101m un s\u0113\u017eamvietu), kas bie\u017ei vien cie\u0161 no \u0161\u0137idruma sastr\u0113guma audos. Neitr\u0101lais mas\u0101\u017eas kr\u0113ms meistariem, kuriem pat\u012bk improviz\u0113t un rad\u012bt individu\u0101lu pieeju katram klientam. Kr\u0113mu var lietot kombin\u0101cij\u0101 ar augu vai \u0113teriskaj\u0101m e\u013c\u013c\u0101m, ekstraktiem un serumiem. Piem\u0113rots jebkura tipa \u0101dai un&hellip;<\/p>\n","protected":false},"featured_media":898,"template":"","meta":[],"product_brand":[],"product_cat":[64,73],"product_tag":[],"class_list":{"0":"post-919","1":"product","2":"type-product","3":"status-publish","4":"has-post-thumbnail","6":"product_cat-kermenu-kopsana","7":"product_cat-masaza","9":"first","10":"instock","11":"shipping-taxable","12":"purchasable","13":"product-type-simple"},"_links":{"self":[{"href":"https:\/\/www.happysunday.eu\/index.php?rest_route=\/wp\/v2\/product\/919","targetHints":{"allow":["GET"]}}],"collection":[{"href":"https:\/\/www.happysunday.eu\/index.php?rest_route=\/wp\/v2\/product"}],"about":[{"href":"https:\/\/www.happysunday.eu\/index.php?rest_route=\/wp\/v2\/types\/product"}],"wp:featuredmedia":[{"embeddable":true,"href":"https:\/\/www.happysunday.eu\/index.php?rest_route=\/wp\/v2\/media\/898"}],"wp:attachment":[{"href":"https:\/\/www.happysunday.eu\/index.php?rest_route=%2Fwp%2Fv2%2Fmedia&parent=919"}],"wp:term":[{"taxonomy":"product_brand","embeddable":true,"href":"https:\/\/www.happysunday.eu\/index.php?rest_route=%2Fwp%2Fv2%2Fproduct_brand&post=919"},{"taxonomy":"product_cat","embeddable":true,"href":"https:\/\/www.happysunday.eu\/index.php?rest_route=%2Fwp%2Fv2%2Fproduct_cat&post=919"},{"taxonomy":"product_tag","embeddable":true,"href":"https:\/\/www.happysunday.eu\/index.php?rest_route=%2Fwp%2Fv2%2Fproduct_tag&post=919"}],"curies":[{"name":"wp","href":"https:\/\/api.w.org\/{rel}","templated":true}]}}