{"id":920,"date":"2021-01-29T08:54:54","date_gmt":"2021-01-29T08:54:54","guid":{"rendered":"https:\/\/www.happysunday.eu\/?post_type=product&#038;p=920"},"modified":"2026-04-07T06:55:50","modified_gmt":"2026-04-07T06:55:50","slug":"massage-oil-nourishing-500ml","status":"publish","type":"product","link":"https:\/\/www.happysunday.eu\/?product=massage-oil-nourishing-500ml","title":{"rendered":"MAS\u0100\u017dAS E\u013b\u013bA BAROJO\u0160A AR MANDE\u013bU E\u013b\u013bU 500ml"},"content":{"rendered":"<p>DR KRAUT <b>BODY MASSAGE &#8211; <\/b><b>MASSAGE OIL NOURISHING with Almond Oil\u00a0<\/b><\/p>\n<p>\u0136ERME\u0145A MAS\u0100\u017dA &#8211; MAS\u0100\u017dAS E\u013b\u013bA BAROJO\u0160A ar mande\u013cu e\u013c\u013cu<\/p>\n<p>Bag\u0101t\u012bga mas\u0101\u017eas e\u013c\u013ca, kas bag\u0101tin\u0101ta ar mande\u013cu e\u013c\u013cu, lai nov\u0113rstu \u0101das sausumu, elast\u012bbu un toniz\u0113tu \u0101du, padarot to gludu un barotu. Ide\u0101li piem\u0113rots sausai, izstieptai un bez tonusa \u0101dai.<br \/>\nVEG\u0100NU FORMULA &#8211; 89,26% % Dab\u012bgs<\/p>\n<p>Mas\u0101\u017eas e\u013c\u013ca ar augstu barojo\u0161o sp\u0113ku, ide\u0101li piem\u0113rota mas\u0101\u017eas veicin\u0101\u0161anai un striju veido\u0161an\u0101s nov\u0113r\u0161anai. T\u0101s sast\u0101vs satur mande\u013cu e\u013c\u013cu ar barojo\u0161\u0101m, antioksidanta un m\u012bkstino\u0161\u0101m \u012bpa\u0161\u012bb\u0101m, lai atjaunotu \u0101das maigumu un elast\u012bbu. Mande\u013cu, r\u012bsu un sojas e\u013c\u013cas satur vitam\u012bnus un tauksk\u0101bes, kas efekt\u012bvi baro \u0101du. Dabisko augu e\u013c\u013cu kl\u0101tb\u016btne padara barojo\u0161o mas\u0101\u017eas e\u013c\u013cu piem\u0113rotu ar\u012b gr\u016btniec\u0113m un sieviet\u0113m, kas baro b\u0113rnu ar kr\u016bti, lai saglab\u0101tu \u0101du barotu un elast\u012bgu un nov\u0113rstu striju veido\u0161anos.<\/p>\n<p>MANDE\u013bU E\u013b\u013bA: aukst\u0101 e\u013c\u013ca, kas ieg\u016bta no saldaj\u0101m mandel\u0113m un bag\u0101ta ar t\u0101diem mikroelementiem k\u0101 linolsk\u0101be un D vitam\u012bns, kas noder \u0101das elast\u012bbas saglab\u0101\u0161anai.<br \/>\nSOJAS E\u013b\u013bA: ieg\u016bta no sojas pupi\u0146\u0101m, t\u0101 veido aizsarg\u0101jo\u0161u hidrolip\u012bdu pl\u0113vi, kas neitraliz\u0113 \u0101das sausumu un aizsarg\u0101 \u0101du no \u0101r\u0113jiem faktoriem.<br \/>\nR\u012aSU E\u013b\u013bA: ieg\u016bta, pres\u0113jot da\u017eas r\u012bsu graudu da\u013cas, t\u0101 ir bag\u0101ta ar nepies\u0101tin\u0101taj\u0101m tauksk\u0101b\u0113m un nep\u0101rziepjojam\u0101m viel\u0101m, kas veic intens\u012bvu barojo\u0161u darb\u012bbu, saglab\u0101jot \u0101du mirdzo\u0161u un elast\u012bgu.<\/p>\n","protected":false},"excerpt":{"rendered":"<p>DR KRAUT BODY MASSAGE &#8211; MASSAGE OIL NOURISHING with Almond Oil\u00a0 \u0136ERME\u0145A MAS\u0100\u017dA &#8211; MAS\u0100\u017dAS E\u013b\u013bA BAROJO\u0160A ar mande\u013cu e\u013c\u013cu Bag\u0101t\u012bga mas\u0101\u017eas e\u013c\u013ca, kas bag\u0101tin\u0101ta ar mande\u013cu e\u013c\u013cu, lai nov\u0113rstu \u0101das sausumu, elast\u012bbu un toniz\u0113tu \u0101du, padarot to gludu un barotu. Ide\u0101li piem\u0113rots sausai, izstieptai un bez tonusa \u0101dai. VEG\u0100NU FORMULA &#8211; 89,26% % Dab\u012bgs Mas\u0101\u017eas e\u013c\u013ca ar augstu barojo\u0161o sp\u0113ku, ide\u0101li piem\u0113rota mas\u0101\u017eas veicin\u0101\u0161anai un striju veido\u0161an\u0101s nov\u0113r\u0161anai. T\u0101s sast\u0101vs satur mande\u013cu e\u013c\u013cu ar barojo\u0161\u0101m, antioksidanta un m\u012bkstino\u0161\u0101m \u012bpa\u0161\u012bb\u0101m, lai atjaunotu \u0101das maigumu un elast\u012bbu. Mande\u013cu, r\u012bsu un sojas&hellip;<\/p>\n","protected":false},"featured_media":912,"template":"","meta":[],"product_brand":[],"product_cat":[64,73],"product_tag":[],"class_list":{"0":"post-920","1":"product","2":"type-product","3":"status-publish","4":"has-post-thumbnail","6":"product_cat-kermenu-kopsana","7":"product_cat-masaza","9":"first","10":"instock","11":"shipping-taxable","12":"purchasable","13":"product-type-simple"},"_links":{"self":[{"href":"https:\/\/www.happysunday.eu\/index.php?rest_route=\/wp\/v2\/product\/920","targetHints":{"allow":["GET"]}}],"collection":[{"href":"https:\/\/www.happysunday.eu\/index.php?rest_route=\/wp\/v2\/product"}],"about":[{"href":"https:\/\/www.happysunday.eu\/index.php?rest_route=\/wp\/v2\/types\/product"}],"wp:featuredmedia":[{"embeddable":true,"href":"https:\/\/www.happysunday.eu\/index.php?rest_route=\/wp\/v2\/media\/912"}],"wp:attachment":[{"href":"https:\/\/www.happysunday.eu\/index.php?rest_route=%2Fwp%2Fv2%2Fmedia&parent=920"}],"wp:term":[{"taxonomy":"product_brand","embeddable":true,"href":"https:\/\/www.happysunday.eu\/index.php?rest_route=%2Fwp%2Fv2%2Fproduct_brand&post=920"},{"taxonomy":"product_cat","embeddable":true,"href":"https:\/\/www.happysunday.eu\/index.php?rest_route=%2Fwp%2Fv2%2Fproduct_cat&post=920"},{"taxonomy":"product_tag","embeddable":true,"href":"https:\/\/www.happysunday.eu\/index.php?rest_route=%2Fwp%2Fv2%2Fproduct_tag&post=920"}],"curies":[{"name":"wp","href":"https:\/\/api.w.org\/{rel}","templated":true}]}}