{"id":921,"date":"2021-01-29T08:56:56","date_gmt":"2021-01-29T08:56:56","guid":{"rendered":"https:\/\/www.happysunday.eu\/?post_type=product&#038;p=921"},"modified":"2026-04-07T06:55:50","modified_gmt":"2026-04-07T06:55:50","slug":"massage-oil-cellulite-500ml","status":"publish","type":"product","link":"https:\/\/www.happysunday.eu\/?product=massage-oil-cellulite-500ml","title":{"rendered":"PRETCELUL\u012aTA MAS\u0100\u017dAS E\u013b\u013bA 500ml"},"content":{"rendered":"<p><b>DR KRAUT BODY MASSAGE &#8211; MASSAGE OIL CELLULITE* with Ivy Extract\u00a0\u00a0<\/b><\/p>\n<p>\u0136ERME\u0145A MAS\u0100\u017dA &#8211; MAS\u0100\u017dAS E\u013b\u013bA PRET CELUL\u012aTU* ar efejas ekstraktu<br \/>\n* Kosm\u0113tiskais pal\u012bgl\u012bdzeklis celul\u012bta \u0101das traipu \u0101rst\u0113\u0161an\u0101<\/p>\n<p>Pal\u012bgviela celul\u012bta un aptauko\u0161an\u0101s \u0101das traipu kosm\u0113tiskajai \u0101rst\u0113\u0161anai. Ivy ekstrakta kombin\u0113t\u0101 iedarb\u012bba uz specifisku manu\u0101lo mas\u0101\u017eu pal\u012bdz stimul\u0113t virspus\u0113jo \u0101das cirkul\u0101ciju, kas atst\u0101j \u0101du toniz\u0113tu un barotu.<br \/>\nVEG\u0100NU FORMULA &#8211; 88,95% Dab\u012bga<\/p>\n<p>Mas\u0101\u017eas e\u013c\u013ca, kas paredz\u0113ta \u0101das defektu \u0101rst\u0113\u0161anai, kas saist\u012bti ar celul\u012btu un \u016bdens aizturi. Ivy ekstrakta \u012bpa\u0161\u012bbas stimul\u0113 virspus\u0113jo \u0101das mikrocirkul\u0101ciju, lai veicin\u0101tu \u0101das toniz\u0113\u0161anu un pal\u012bdz\u0113tu samazin\u0101t \u016bdens stagn\u0101ciju. Sast\u0101v\u0101 eso\u0161\u0101 sojas e\u013c\u013ca atvieglo manu\u0101lo mas\u0101\u017eu, pastiprinot efejas, arnikas un piparm\u0113tru \u0113terisk\u0101s e\u013c\u013cas ekstraktu stimul\u0113jo\u0161o darb\u012bbu.<\/p>\n<p>*kosm\u0113tiskais pal\u012bgl\u012bdzeklis celul\u012bta \u0101das plankumu \u0101rst\u0113\u0161an\u0101.<\/p>\n<p>SOJAS E\u013b\u013bA: ieg\u016bta no sojas pupi\u0146\u0101m, t\u0101 veido aizsarg\u0101jo\u0161u hidrolip\u012bdu pl\u0113vi, kas neitraliz\u0113 \u0101das sausumu un aizsarg\u0101 \u0101du no \u0101r\u0113jiem faktoriem.<br \/>\nIVEJAS EKSTRAKTS: ieg\u016bts no t\u0101da pa\u0161a nosaukuma k\u0101p\u0161anas auga lap\u0101m, tas neitraliz\u0113 tauku nogulsnes. Siner\u0123ij\u0101 ar meh\u0101nisko mas\u0101\u017eu veicina fiziolo\u0123isko virspus\u0113jo mikrocirkul\u0101ciju, padarot \u0101du maigu un kompaktu.<br \/>\nARNIKAS EKSTRAKTS: ieg\u016bts, macer\u0113jot t\u0101da pa\u0161a nosaukuma auga ziedus, tam ir svar\u012bgas der\u012bg\u0101s \u012bpa\u0161\u012bbas \u0101das mikrocirkul\u0101cijai. Tas pal\u012bdz noguru\u0161\u0101m un smagaj\u0101m k\u0101j\u0101m sniegt labsaj\u016btas un viegluma saj\u016btu.<br \/>\nMINT \u0112TERISK\u0100 E\u013b\u013bA: ieg\u016bta no piparm\u0113tru auga lap\u0101m, t\u0101s atsvaidzino\u0161\u0101 iedarb\u012bba stimul\u0113 virsmas mikrocirkul\u0101ciju un sast\u0101vda\u013cu, ar kur\u0101m t\u0101 ir sajaukta, uzs\u016bk\u0161anos.<\/p>\n","protected":false},"excerpt":{"rendered":"<p>DR KRAUT BODY MASSAGE &#8211; MASSAGE OIL CELLULITE* with Ivy Extract\u00a0\u00a0 \u0136ERME\u0145A MAS\u0100\u017dA &#8211; MAS\u0100\u017dAS E\u013b\u013bA PRET CELUL\u012aTU* ar efejas ekstraktu * Kosm\u0113tiskais pal\u012bgl\u012bdzeklis celul\u012bta \u0101das traipu \u0101rst\u0113\u0161an\u0101 Pal\u012bgviela celul\u012bta un aptauko\u0161an\u0101s \u0101das traipu kosm\u0113tiskajai \u0101rst\u0113\u0161anai. Ivy ekstrakta kombin\u0113t\u0101 iedarb\u012bba uz specifisku manu\u0101lo mas\u0101\u017eu pal\u012bdz stimul\u0113t virspus\u0113jo \u0101das cirkul\u0101ciju, kas atst\u0101j \u0101du toniz\u0113tu un barotu. VEG\u0100NU FORMULA &#8211; 88,95% Dab\u012bga Mas\u0101\u017eas e\u013c\u013ca, kas paredz\u0113ta \u0101das defektu \u0101rst\u0113\u0161anai, kas saist\u012bti ar celul\u012btu un \u016bdens aizturi. Ivy ekstrakta \u012bpa\u0161\u012bbas stimul\u0113 virspus\u0113jo \u0101das mikrocirkul\u0101ciju, lai veicin\u0101tu \u0101das toniz\u0113\u0161anu un pal\u012bdz\u0113tu samazin\u0101t \u016bdens stagn\u0101ciju.&hellip;<\/p>\n","protected":false},"featured_media":914,"template":"","meta":[],"product_brand":[],"product_cat":[64,73],"product_tag":[],"class_list":{"0":"post-921","1":"product","2":"type-product","3":"status-publish","4":"has-post-thumbnail","6":"product_cat-kermenu-kopsana","7":"product_cat-masaza","9":"first","10":"outofstock","11":"shipping-taxable","12":"purchasable","13":"product-type-simple"},"_links":{"self":[{"href":"https:\/\/www.happysunday.eu\/index.php?rest_route=\/wp\/v2\/product\/921","targetHints":{"allow":["GET"]}}],"collection":[{"href":"https:\/\/www.happysunday.eu\/index.php?rest_route=\/wp\/v2\/product"}],"about":[{"href":"https:\/\/www.happysunday.eu\/index.php?rest_route=\/wp\/v2\/types\/product"}],"wp:featuredmedia":[{"embeddable":true,"href":"https:\/\/www.happysunday.eu\/index.php?rest_route=\/wp\/v2\/media\/914"}],"wp:attachment":[{"href":"https:\/\/www.happysunday.eu\/index.php?rest_route=%2Fwp%2Fv2%2Fmedia&parent=921"}],"wp:term":[{"taxonomy":"product_brand","embeddable":true,"href":"https:\/\/www.happysunday.eu\/index.php?rest_route=%2Fwp%2Fv2%2Fproduct_brand&post=921"},{"taxonomy":"product_cat","embeddable":true,"href":"https:\/\/www.happysunday.eu\/index.php?rest_route=%2Fwp%2Fv2%2Fproduct_cat&post=921"},{"taxonomy":"product_tag","embeddable":true,"href":"https:\/\/www.happysunday.eu\/index.php?rest_route=%2Fwp%2Fv2%2Fproduct_tag&post=921"}],"curies":[{"name":"wp","href":"https:\/\/api.w.org\/{rel}","templated":true}]}}