{"id":928,"date":"2021-01-29T09:13:03","date_gmt":"2021-01-29T09:13:03","guid":{"rendered":"https:\/\/www.happysunday.eu\/?post_type=product&#038;p=928"},"modified":"2026-04-07T06:55:50","modified_gmt":"2026-04-07T06:55:50","slug":"cellulite-cream-500ml","status":"publish","type":"product","link":"https:\/\/www.happysunday.eu\/?product=cellulite-cream-500ml","title":{"rendered":"PRETCELUL\u012aTA MAS\u0100\u017dAS KR\u0112MS 500ml"},"content":{"rendered":"<div id=\"product-title\">\n<p><strong>DR KRAUT BODY SLIM &#8211; CELLULITE* CREAM WITH CAFFEINE AND ALGAE EXTRACT<\/strong><\/p>\n<p>BODY SLIM &#8211; CELUL\u012aTA* KR\u0112MS AR KOFE\u012aNU UN A\u013b\u0122U EKSTRAKTU<br \/>\n* Lipo\u00adl\u012btisks \u0137erme\u0146a kr\u0113ms ar kofe\u012bnu lok\u0101lo tauku samazin\u0101\u0161anai, starp\u0161\u016bnu met\u00ada\u00adbolisma un asinsrites uzlabo\u0161anai.<\/p>\n<p>M\u012bksts kr\u0113ms izstr\u0101d\u0101ts k\u0101 kosm\u0113tisks pal\u012bgl\u012bdzeklis celul\u012bta un aptauko\u0161an\u0101s \u0101das traipu \u0101rst\u0113\u0161anai. Tas padara \u0101du elast\u012bgu, kompaktu un gludu.<br \/>\n83% dab\u012bgs<\/p>\n<p>\u0100tri ies\u016bcas kr\u0113ms, kas iedarbojas uz \u0101das nepiln\u012bb\u0101m celul\u012btu un \u016bdens aizturi. Kofe\u012bns stimul\u0113 \u0101das mikrocirkul\u0101ciju, lai veicin\u0101tu \u0101das toniz\u0113\u0161anu. A\u013c\u0123u ekstrakts, kas paz\u012bstams ar sav\u0101m mineraliz\u0113jo\u0161\u0101m, att\u012bro\u0161\u0101m un m\u012bkstino\u0161\u0101m \u012bpa\u0161\u012bb\u0101m, pal\u012bdz nov\u0113rst celul\u012bta rad\u012btos \u0101das plankumus, padarot \u0101du elast\u012bgu un gludu.<\/p>\n<p>PURE CAFFEINE: viela, kas atrodas kafijas pupi\u0146\u0101s, kam piem\u012bt lipol\u012btiskas \u012bpa\u0161\u012bbas, kas noder\u012bga celul\u012bta \u0101das nepiln\u012bbu \u0101rst\u0113\u0161anai.<br \/>\nAL\u0122\u0112JU EKSTRAKTS: rakstur\u012bgs ar g\u013cotu saturu un bag\u0101ts ar mikroelementiem, tas veic att\u012bro\u0161u un mineraliz\u0113jo\u0161u darb\u012bbu pal\u012bgl\u012bdzekli celul\u012bta \u0101rst\u0113\u0161an\u0101. Pal\u012bdz toniz\u0113t un nostiprin\u0101t \u0101du. (J\u016bras a\u013c\u0123\u0113s dabiski satur zemu joda procentu).<br \/>\nMANDE\u013bU E\u013b\u013bA: aukst\u0101 e\u013c\u013ca, kas ieg\u016bta no saldaj\u0101m mandel\u0113m un bag\u0101ta ar t\u0101diem mikroelementiem k\u0101 linolsk\u0101be un D vitam\u012bns, kas noder \u0101das elast\u012bbas saglab\u0101\u0161anai.<br \/>\nIVEJAS EKSTRAKTS: ieg\u016bts no t\u0101da pa\u0161a nosaukuma k\u0101p\u0161anas auga lap\u0101m, tas neitraliz\u0113 tauku nogulsnes. Siner\u0123ij\u0101 ar meh\u0101nisko mas\u0101\u017eu veicina fiziolo\u0123isko virspus\u0113jo mikrocirkul\u0101ciju, padarot \u0101du maigu un kompaktu.<br \/>\nCITRONA \u0112TERISK\u0100 E\u013b\u013bA: ekstrah\u0113ta no aug\u013ciem, tai piem\u012bt dermu att\u012bro\u0161as un atsvaidzino\u0161as \u012bpa\u0161\u012bbas, noder k\u0101 kosm\u0113tiskais pal\u012bgl\u012bdzeklis \u016bdens aiztures un celul\u012bta izrais\u012btu \u0101das boj\u0101jumu \u0101rst\u0113\u0161an\u0101.<br \/>\nMAN\u0122IJA SULF\u0100TS: dab\u0101 atrodams miner\u0101ls, ko izmanto \u0137erme\u0146a t\u016bskas mazin\u0101\u0161anai. Tas pal\u012bdz samazin\u0101t \u016bdens aizturi, sniedzot t\u016bl\u012bt\u0113ju atvieglojumu un vieglumu piet\u016bku\u0161\u0101m un noguru\u0161\u0101m k\u0101j\u0101m.<\/p>\n<\/div>\n","protected":false},"excerpt":{"rendered":"<p>DR KRAUT BODY SLIM &#8211; CELLULITE* CREAM WITH CAFFEINE AND ALGAE EXTRACT BODY SLIM &#8211; CELUL\u012aTA* KR\u0112MS AR KOFE\u012aNU UN A\u013b\u0122U EKSTRAKTU * Lipo\u00adl\u012btisks \u0137erme\u0146a kr\u0113ms ar kofe\u012bnu lok\u0101lo tauku samazin\u0101\u0161anai, starp\u0161\u016bnu met\u00ada\u00adbolisma un asinsrites uzlabo\u0161anai. M\u012bksts kr\u0113ms izstr\u0101d\u0101ts k\u0101 kosm\u0113tisks pal\u012bgl\u012bdzeklis celul\u012bta un aptauko\u0161an\u0101s \u0101das traipu \u0101rst\u0113\u0161anai. Tas padara \u0101du elast\u012bgu, kompaktu un gludu. 83% dab\u012bgs \u0100tri ies\u016bcas kr\u0113ms, kas iedarbojas uz \u0101das nepiln\u012bb\u0101m celul\u012btu un \u016bdens aizturi. Kofe\u012bns stimul\u0113 \u0101das mikrocirkul\u0101ciju, lai veicin\u0101tu \u0101das toniz\u0113\u0161anu. A\u013c\u0123u ekstrakts, kas paz\u012bstams ar sav\u0101m mineraliz\u0113jo\u0161\u0101m, att\u012bro\u0161\u0101m un m\u012bkstino\u0161\u0101m \u012bpa\u0161\u012bb\u0101m, pal\u012bdz nov\u0113rst&hellip;<\/p>\n","protected":false},"featured_media":906,"template":"","meta":[],"product_brand":[],"product_cat":[64,73],"product_tag":[],"class_list":{"0":"post-928","1":"product","2":"type-product","3":"status-publish","4":"has-post-thumbnail","6":"product_cat-kermenu-kopsana","7":"product_cat-masaza","9":"first","10":"instock","11":"shipping-taxable","12":"purchasable","13":"product-type-simple"},"_links":{"self":[{"href":"https:\/\/www.happysunday.eu\/index.php?rest_route=\/wp\/v2\/product\/928","targetHints":{"allow":["GET"]}}],"collection":[{"href":"https:\/\/www.happysunday.eu\/index.php?rest_route=\/wp\/v2\/product"}],"about":[{"href":"https:\/\/www.happysunday.eu\/index.php?rest_route=\/wp\/v2\/types\/product"}],"wp:featuredmedia":[{"embeddable":true,"href":"https:\/\/www.happysunday.eu\/index.php?rest_route=\/wp\/v2\/media\/906"}],"wp:attachment":[{"href":"https:\/\/www.happysunday.eu\/index.php?rest_route=%2Fwp%2Fv2%2Fmedia&parent=928"}],"wp:term":[{"taxonomy":"product_brand","embeddable":true,"href":"https:\/\/www.happysunday.eu\/index.php?rest_route=%2Fwp%2Fv2%2Fproduct_brand&post=928"},{"taxonomy":"product_cat","embeddable":true,"href":"https:\/\/www.happysunday.eu\/index.php?rest_route=%2Fwp%2Fv2%2Fproduct_cat&post=928"},{"taxonomy":"product_tag","embeddable":true,"href":"https:\/\/www.happysunday.eu\/index.php?rest_route=%2Fwp%2Fv2%2Fproduct_tag&post=928"}],"curies":[{"name":"wp","href":"https:\/\/api.w.org\/{rel}","templated":true}]}}