{"id":929,"date":"2021-01-29T09:14:23","date_gmt":"2021-01-29T09:14:23","guid":{"rendered":"https:\/\/www.happysunday.eu\/?post_type=product&#038;p=929"},"modified":"2026-04-07T06:55:50","modified_gmt":"2026-04-07T06:55:50","slug":"thermo-cellulite-cream-500ml","status":"publish","type":"product","link":"https:\/\/www.happysunday.eu\/?product=thermo-cellulite-cream-500ml","title":{"rendered":"TERMO PRETCELUL\u012aTA KR\u0112MS  500ml"},"content":{"rendered":"<div id=\"product-title\">\n<p><strong>DR KRAUT <b>BODY SLIM &#8211; <\/b>THERMO CELLULITE * CREAM WITH ETHYLNICOTINATE AND AESCIN\u00a0<\/strong><\/p>\n<p>BODY SLIM &#8211; TERMO CELLULITE * KR\u0112MS AR ETILNIKOTIN\u0100TU UN AESC\u012aNU<br \/>\n* Lipo\u00adl\u012btisks \u0137erme\u0146a kr\u0113ms lok\u0101lo tauku samazin\u0101\u0161anai, starp\u0161\u016bnu met\u00ada\u00adbolisma un asinsrites uzlabo\u0161anai.<\/p>\n<p>Kosm\u0113tisks pal\u012bgl\u012bdzeklis celul\u012bta un aptauko\u0161an\u0101s \u0101das traipu \u0101rst\u0113\u0161an\u0101, pateicoties intens\u012bvai un m\u0113r\u0137tiec\u012bgai etilnikotin\u0101ta un efejas ekstrakta iedarb\u012bbai. Kr\u0113ma lieto\u0161ana kop\u0101 ar profesion\u0101lu mas\u0101\u017eu pie\u0161\u0137ir apstr\u0101d\u0101taj\u0101m viet\u0101m glud\u0101ku un tvirt\u0101ku izskatu.<br \/>\nVEG\u0100NU FORMULA &#8211; 72,77% Dab\u012bga<\/p>\n<p>\u0136erme\u0146a kr\u0113ms izstr\u0101d\u0101ts k\u0101 kosm\u0113tisks pal\u012bgl\u012bdzeklis celul\u012bta un tauku nogulsnes izrais\u012btu \u0101das boj\u0101jumu \u0101rst\u0113\u0161anai. Etilnikotin\u0101ts, funkcion\u0101la sast\u0101vda\u013ca ar labi zin\u0101m\u0101m sildo\u0161\u0101m \u012bpa\u0161\u012bb\u0101m, stimul\u0113 virspus\u0113jo mikrocirkul\u0101ciju un pie\u0161\u0137ir \u0101dai toniz\u0113jo\u0161u un kompaktu izskatu. Past\u0101v\u012bga kr\u0113ma lieto\u0161ana kombin\u0101cij\u0101 ar mas\u0101\u017eu \u013cauj iedarboties uz viet\u0101m, kur\u0101m visvair\u0101k rakstur\u012bgi tauki, piem\u0113ram, k\u0101jas, aug\u0161stilbi un s\u0113\u017eamvieta, uzlabojot to kop\u0113jo izskatu.<br \/>\nSiltuma filcs ir subjekt\u012bvs atkar\u012bb\u0101 no \u0101das tipa un \u0101r\u0113j\u0101s temperat\u016bras.<\/p>\n<p>ETILNIKOTIN\u0100TS: nikot\u012bnsk\u0101bes esteris. T\u0101 sild\u012b\u0161anas funkcija veicina \u0101das virspus\u0113j\u0101s mikrocirkul\u0101cijas stimul\u0113\u0161anu, pamodina epidermu un sagatavo to kr\u0113ma sast\u0101v\u0101 eso\u0161o funkcion\u0101lo sast\u0101vda\u013cu sajaukumam.<br \/>\nESCIN: no zirgkasta\u0146a s\u0113kl\u0101m ieg\u016bta sast\u0101vda\u013ca, kas paz\u012bstama ar savu labv\u0113l\u012bgo iedarb\u012bbu uz \u0101das mikrocirkul\u0101cijas l\u012bmeni. Piem\u0113rots ar\u012b t\u016bskas un piet\u016bkuma gad\u012bjum\u0101 \u0101dai ar toniz\u0113tu un kompaktu izskatu.<br \/>\nIVEJAS EKSTRAKTS: ieg\u016bts no t\u0101da pa\u0161a nosaukuma k\u0101p\u0161anas auga lap\u0101m, tas neitraliz\u0113 tauku nogulsnes. Siner\u0123ij\u0101 ar meh\u0101nisko mas\u0101\u017eu veicina fiziolo\u0123isko virspus\u0113jo mikrocirkul\u0101ciju, padarot \u0101du maigu un kompaktu.<br \/>\nZIRGKASTA\u0145U EKSTRAKTS: augs, kas paz\u012bstams ar sav\u0101m iev\u0113rojamaj\u0101m \u012bpa\u0161\u012bb\u0101m, kas padara to par sast\u0101vda\u013cu, ko izmanto, lai uzlabotu dabisko virspus\u0113jo v\u0113nu mikrocirkul\u0101ciju. Esc\u012bns, vissvar\u012bg\u0101k\u0101 zirgkasta\u0146a funkcion\u0101l\u0101 sast\u0101vda\u013ca, ir piem\u0113rots ar\u012b piet\u016bkuma un smaguma saj\u016btas gad\u012bjum\u0101 apak\u0161\u0113j\u0101s ekstremit\u0101t\u0113s.<br \/>\nSHEA sviests: sviests, kas ieg\u016bts no \u0161\u012b koka, kam rakstur\u012bgs augsts nep\u0101rziepjojamo vielu saturs \u2013 vielas, kas uztur \u0101das dabisko elast\u012bbu.<\/p>\n<\/div>\n","protected":false},"excerpt":{"rendered":"<p>DR KRAUT BODY SLIM &#8211; THERMO CELLULITE * CREAM WITH ETHYLNICOTINATE AND AESCIN\u00a0 BODY SLIM &#8211; TERMO CELLULITE * KR\u0112MS AR ETILNIKOTIN\u0100TU UN AESC\u012aNU * Lipo\u00adl\u012btisks \u0137erme\u0146a kr\u0113ms lok\u0101lo tauku samazin\u0101\u0161anai, starp\u0161\u016bnu met\u00ada\u00adbolisma un asinsrites uzlabo\u0161anai. Kosm\u0113tisks pal\u012bgl\u012bdzeklis celul\u012bta un aptauko\u0161an\u0101s \u0101das traipu \u0101rst\u0113\u0161an\u0101, pateicoties intens\u012bvai un m\u0113r\u0137tiec\u012bgai etilnikotin\u0101ta un efejas ekstrakta iedarb\u012bbai. Kr\u0113ma lieto\u0161ana kop\u0101 ar profesion\u0101lu mas\u0101\u017eu pie\u0161\u0137ir apstr\u0101d\u0101taj\u0101m viet\u0101m glud\u0101ku un tvirt\u0101ku izskatu. VEG\u0100NU FORMULA &#8211; 72,77% Dab\u012bga \u0136erme\u0146a kr\u0113ms izstr\u0101d\u0101ts k\u0101 kosm\u0113tisks pal\u012bgl\u012bdzeklis celul\u012bta un tauku nogulsnes izrais\u012btu \u0101das boj\u0101jumu \u0101rst\u0113\u0161anai. Etilnikotin\u0101ts, funkcion\u0101la sast\u0101vda\u013ca ar labi&hellip;<\/p>\n","protected":false},"featured_media":904,"template":"","meta":[],"product_brand":[],"product_cat":[64,73],"product_tag":[],"class_list":{"0":"post-929","1":"product","2":"type-product","3":"status-publish","4":"has-post-thumbnail","6":"product_cat-kermenu-kopsana","7":"product_cat-masaza","9":"first","10":"instock","11":"shipping-taxable","12":"purchasable","13":"product-type-simple"},"_links":{"self":[{"href":"https:\/\/www.happysunday.eu\/index.php?rest_route=\/wp\/v2\/product\/929","targetHints":{"allow":["GET"]}}],"collection":[{"href":"https:\/\/www.happysunday.eu\/index.php?rest_route=\/wp\/v2\/product"}],"about":[{"href":"https:\/\/www.happysunday.eu\/index.php?rest_route=\/wp\/v2\/types\/product"}],"wp:featuredmedia":[{"embeddable":true,"href":"https:\/\/www.happysunday.eu\/index.php?rest_route=\/wp\/v2\/media\/904"}],"wp:attachment":[{"href":"https:\/\/www.happysunday.eu\/index.php?rest_route=%2Fwp%2Fv2%2Fmedia&parent=929"}],"wp:term":[{"taxonomy":"product_brand","embeddable":true,"href":"https:\/\/www.happysunday.eu\/index.php?rest_route=%2Fwp%2Fv2%2Fproduct_brand&post=929"},{"taxonomy":"product_cat","embeddable":true,"href":"https:\/\/www.happysunday.eu\/index.php?rest_route=%2Fwp%2Fv2%2Fproduct_cat&post=929"},{"taxonomy":"product_tag","embeddable":true,"href":"https:\/\/www.happysunday.eu\/index.php?rest_route=%2Fwp%2Fv2%2Fproduct_tag&post=929"}],"curies":[{"name":"wp","href":"https:\/\/api.w.org\/{rel}","templated":true}]}}