{"id":9290,"date":"2026-04-06T12:14:30","date_gmt":"2026-04-06T12:14:30","guid":{"rendered":"https:\/\/www.happysunday.eu\/?post_type=product&#038;p=9290"},"modified":"2026-04-07T07:08:52","modified_gmt":"2026-04-07T07:08:52","slug":"hismile-putojosais-mutes-skalosanas-lidzeklis-zemene-45-ml","status":"publish","type":"product","link":"https:\/\/www.happysunday.eu\/?product=hismile-putojosais-mutes-skalosanas-lidzeklis-zemene-45-ml","title":{"rendered":"Hismile putojo\u0161ais mutes skalo\u0161anas l\u012bdzeklis \u2013 zemene \u2013 45 ml"},"content":{"rendered":"<div id=\"product-title\">\n<div id=\"shopify-section-template--28365282410843__tabs\" class=\"shopify-section content-indent default\">\n<div id=\"ProductSection-template--28365282410843__tabs\" class=\" fullwidth\" data-section-id=\"template--28365282410843__tabs\" data-section-type=\"productTabs\">\n<div id=\"productTabs\">\n<div class=\"tab-container mb30 noTabs\">\n<div id=\"ptabDesc\" class=\"tab-content\">\n<div class=\"tb_pr_desc rte\">\n<p>Hismile putojo\u0161ais mutes skalo\u0161anas l\u012bdzeklis ar zeme\u0146u gar\u0161u ir paredz\u0113ts svaigai elpai un nesatur alkoholu. \u0160is mutes skalo\u0161anas l\u012bdzeklis nodro\u0161ina putojo\u0161u darb\u012bbu, kas uzlabo t\u012br\u012b\u0161anas pieredzi, padarot to pat\u012bkamu un efekt\u012bvu. Katra pudele satur 45 ml, kas nodro\u0161ina vair\u0101k nek\u0101 50 lieto\u0161anas reizes, padarot to par \u0113rtu izv\u0113li ikdienas mutes dobuma kop\u0161anai.<\/p>\n<p>Galven\u0101s iez\u012bmes<br \/>\nPutojo\u0161a darb\u012bba uzlabotai t\u012br\u012b\u0161anai<br \/>\nBezalkoholiska formula maigai kop\u0161anai<br \/>\nZeme\u0146u gar\u0161a pat\u012bkamai gar\u0161ai<br \/>\n\u0112rts s\u016bk\u0146a dozators vienk\u0101r\u0161ai lieto\u0161anai<br \/>\n45 ml pudele nodro\u0161ina vair\u0101k nek\u0101 50 lieto\u0161anas reizes<br \/>\nPal\u012bdz uztur\u0113t svaigu elpu visas dienas garum\u0101<\/p>\n<\/div>\n<\/div>\n<\/div>\n<\/div>\n<\/div>\n<\/div>\n<\/div>\n","protected":false},"excerpt":{"rendered":"<p>Hismile putojo\u0161ais mutes skalo\u0161anas l\u012bdzeklis ar zeme\u0146u gar\u0161u ir paredz\u0113ts svaigai elpai un nesatur alkoholu. \u0160is mutes skalo\u0161anas l\u012bdzeklis nodro\u0161ina putojo\u0161u darb\u012bbu, kas uzlabo t\u012br\u012b\u0161anas pieredzi, padarot to pat\u012bkamu un efekt\u012bvu. Katra pudele satur 45 ml, kas nodro\u0161ina vair\u0101k nek\u0101 50 lieto\u0161anas reizes, padarot to par \u0113rtu izv\u0113li ikdienas mutes dobuma kop\u0161anai. Galven\u0101s iez\u012bmes Putojo\u0161a darb\u012bba uzlabotai t\u012br\u012b\u0161anai Bezalkoholiska formula maigai kop\u0161anai Zeme\u0146u gar\u0161a pat\u012bkamai gar\u0161ai \u0112rts s\u016bk\u0146a dozators vienk\u0101r\u0161ai lieto\u0161anai 45 ml pudele nodro\u0161ina vair\u0101k nek\u0101 50 lieto\u0161anas reizes Pal\u012bdz uztur\u0113t svaigu elpu visas dienas garum\u0101<\/p>\n","protected":false},"featured_media":9291,"template":"","meta":[],"product_brand":[],"product_cat":[58],"product_tag":[],"class_list":{"0":"post-9290","1":"product","2":"type-product","3":"status-publish","4":"has-post-thumbnail","6":"product_cat-super-sale","8":"first","9":"instock","10":"shipping-taxable","11":"purchasable","12":"product-type-simple"},"_links":{"self":[{"href":"https:\/\/www.happysunday.eu\/index.php?rest_route=\/wp\/v2\/product\/9290","targetHints":{"allow":["GET"]}}],"collection":[{"href":"https:\/\/www.happysunday.eu\/index.php?rest_route=\/wp\/v2\/product"}],"about":[{"href":"https:\/\/www.happysunday.eu\/index.php?rest_route=\/wp\/v2\/types\/product"}],"wp:featuredmedia":[{"embeddable":true,"href":"https:\/\/www.happysunday.eu\/index.php?rest_route=\/wp\/v2\/media\/9291"}],"wp:attachment":[{"href":"https:\/\/www.happysunday.eu\/index.php?rest_route=%2Fwp%2Fv2%2Fmedia&parent=9290"}],"wp:term":[{"taxonomy":"product_brand","embeddable":true,"href":"https:\/\/www.happysunday.eu\/index.php?rest_route=%2Fwp%2Fv2%2Fproduct_brand&post=9290"},{"taxonomy":"product_cat","embeddable":true,"href":"https:\/\/www.happysunday.eu\/index.php?rest_route=%2Fwp%2Fv2%2Fproduct_cat&post=9290"},{"taxonomy":"product_tag","embeddable":true,"href":"https:\/\/www.happysunday.eu\/index.php?rest_route=%2Fwp%2Fv2%2Fproduct_tag&post=9290"}],"curies":[{"name":"wp","href":"https:\/\/api.w.org\/{rel}","templated":true}]}}