{"id":9303,"date":"2026-04-09T12:48:08","date_gmt":"2026-04-09T12:48:08","guid":{"rendered":"https:\/\/www.happysunday.eu\/?post_type=product&#038;p=9303"},"modified":"2026-04-09T12:51:22","modified_gmt":"2026-04-09T12:51:22","slug":"bb-krems-ar-spf50","status":"publish","type":"product","link":"https:\/\/www.happysunday.eu\/?product=bb-krems-ar-spf50","title":{"rendered":"BB KR\u0112MS AR SPF50"},"content":{"rendered":"<div id=\"product-title\">\n<p>Satin 50 satur augstu aizsardz\u012bbas SPF 50 un tonal\u0103 kr\u0113ma efektu, kas kl\u012bniski p\u0101rbaud\u012bts laboratorij\u0101 un re\u0101los apst\u0101k\u013cos ar augstu saules starojumu. 100% dro\u0161a un efekt\u012bva formula.<\/p>\n<p>Tas optim\u0101li apvieno UVA un UVB aizsardz\u012bbu, lai pan\u0101ktu maksim\u0101lu efektivit\u0101ti pret saules starojumu. Seja ir viena no \u0137erme\u0146a delik\u0101t\u0101kaj\u0101m zon\u0101m, k\u0101 ar\u012b visvair\u0101k pak\u013cauta saules starojumam, kas izraisa l\u012bdz pat 80% \u0101das noveco\u0161an\u0101s. M\u016bsu formula izce\u013cas ar lielisku \u0101das toleranci un zemu ietekmi uz vidi.<\/p>\n<p>Tas satur dabiskas izcelsmes cukurus un mitrino\u0161os faktorus, kuru iedarb\u012bba uz \u0101du palielina ilgsto\u0161u mitrin\u0101\u0161anu. Aizsarg\u0101jiet savu \u0101du no dehidrat\u0101cijas, ko izraisa saules iedarb\u012bba. Tas nov\u0113r\u0161 \u0101das sausumu un nodro\u0161ina komforta saj\u016btu stund\u0101m ilgi, pateicoties sp\u0113jai nov\u0113rst transepiderm\u0101lu \u016bdens zudumu, papildus aizsarg\u0101jot \u0101du, pie\u0161\u0137irot tai liel\u0101ku vitalit\u0101ti un tvirtumu.<\/p>\n<\/div>\n","protected":false},"excerpt":{"rendered":"<p>Satin 50 satur augstu aizsardz\u012bbas SPF 50 un tonal\u0103 kr\u0113ma efektu, kas kl\u012bniski p\u0101rbaud\u012bts laboratorij\u0101 un re\u0101los apst\u0101k\u013cos ar augstu saules starojumu. 100% dro\u0161a un efekt\u012bva formula. Tas optim\u0101li apvieno UVA un UVB aizsardz\u012bbu, lai pan\u0101ktu maksim\u0101lu efektivit\u0101ti pret saules starojumu. Seja ir viena no \u0137erme\u0146a delik\u0101t\u0101kaj\u0101m zon\u0101m, k\u0101 ar\u012b visvair\u0101k pak\u013cauta saules starojumam, kas izraisa l\u012bdz pat 80% \u0101das noveco\u0161an\u0101s. M\u016bsu formula izce\u013cas ar lielisku \u0101das toleranci un zemu ietekmi uz vidi. Tas satur dabiskas izcelsmes cukurus un mitrino\u0161os faktorus, kuru iedarb\u012bba uz \u0101du palielina ilgsto\u0161u mitrin\u0101\u0161anu. Aizsarg\u0101jiet savu&hellip;<\/p>\n","protected":false},"featured_media":9304,"template":"","meta":[],"product_brand":[],"product_cat":[84,63,58],"product_tag":[],"class_list":{"0":"post-9303","1":"product","2":"type-product","3":"status-publish","4":"has-post-thumbnail","6":"product_cat-saules-kosmetika","7":"product_cat-kosmetologija","8":"product_cat-super-sale","10":"first","11":"instock","12":"sale","13":"featured","14":"shipping-taxable","15":"purchasable","16":"product-type-simple"},"_links":{"self":[{"href":"https:\/\/www.happysunday.eu\/index.php?rest_route=\/wp\/v2\/product\/9303","targetHints":{"allow":["GET"]}}],"collection":[{"href":"https:\/\/www.happysunday.eu\/index.php?rest_route=\/wp\/v2\/product"}],"about":[{"href":"https:\/\/www.happysunday.eu\/index.php?rest_route=\/wp\/v2\/types\/product"}],"wp:featuredmedia":[{"embeddable":true,"href":"https:\/\/www.happysunday.eu\/index.php?rest_route=\/wp\/v2\/media\/9304"}],"wp:attachment":[{"href":"https:\/\/www.happysunday.eu\/index.php?rest_route=%2Fwp%2Fv2%2Fmedia&parent=9303"}],"wp:term":[{"taxonomy":"product_brand","embeddable":true,"href":"https:\/\/www.happysunday.eu\/index.php?rest_route=%2Fwp%2Fv2%2Fproduct_brand&post=9303"},{"taxonomy":"product_cat","embeddable":true,"href":"https:\/\/www.happysunday.eu\/index.php?rest_route=%2Fwp%2Fv2%2Fproduct_cat&post=9303"},{"taxonomy":"product_tag","embeddable":true,"href":"https:\/\/www.happysunday.eu\/index.php?rest_route=%2Fwp%2Fv2%2Fproduct_tag&post=9303"}],"curies":[{"name":"wp","href":"https:\/\/api.w.org\/{rel}","templated":true}]}}