{"id":931,"date":"2021-01-29T09:17:09","date_gmt":"2021-01-29T09:17:09","guid":{"rendered":"https:\/\/www.happysunday.eu\/?post_type=product&#038;p=931"},"modified":"2026-04-07T06:55:50","modified_gmt":"2026-04-07T06:55:50","slug":"thermo-cellulite-bandages-gel-500ml","status":"publish","type":"product","link":"https:\/\/www.happysunday.eu\/?product=thermo-cellulite-bandages-gel-500ml","title":{"rendered":"PRETCELUL\u012aTA TERMO BAND\u0100\u017dU GELS AR SARKAN\u0100M \u010cILI PAPARIEM 500ml"},"content":{"rendered":"<div id=\"product-title\">\n<p><strong>DR KRAUT <b>BODY SLIM &#8211; <\/b>THERMO CELLULITE* BANDAGES GEL WITH RED CHILLI PEPPER\u00a0<\/strong><\/p>\n<p>BODY SLIM &#8211; TERMO CELLULITE* BAND\u0100\u017dU GELS AR SARKAN\u0100M \u010cILLI PAPRIEM<br \/>\n* Kosm\u0113tiskais pal\u012bgl\u012bdzeklis celul\u012bta \u0101das plankumu \u0101rst\u0113\u0161an\u0101<\/p>\n<p>Karstas iedarb\u012bbas g\u0113ls ide\u0101li piem\u0113rots toniz\u0113jo\u0161ai proced\u016brai un k\u0101 kosm\u0113tisks pal\u012bgl\u012bdzeklis celul\u012bta \u0101das traipu \u0101rst\u0113\u0161an\u0101. Ide\u0101li piem\u0113rots \u0137erme\u0146a p\u0101rs\u0113jiem. \u0100da izskat\u012bsies toniz\u0113ta un kompakta.<br \/>\nVEGAN FORMULA &#8211; 92,7% Dab\u012bgs<\/p>\n<p>Karst\u0101 efekta g\u0113ls indic\u0113ts intens\u012bvai celul\u012bta \u0101das plankumu \u0101rst\u0113\u0161anai. Sast\u0101v\u0101 eso\u0161ajam sarkanajam \u010dili ir sildo\u0161a iedarb\u012bba, pateicoties kapsaic\u012bna kl\u0101tb\u016btnei, vielai, kas izraisa siltumu, stimul\u0113jot virspus\u0113jo \u0101das mikrocirkul\u0101ciju. Thermo Gel var lietot vienu pa\u0161u vai kop\u0101 ar p\u0101rs\u0113jiem intens\u012bv\u0101kai un efekt\u012bv\u0101kai darb\u012bbai.<\/p>\n<p>Tikai \u0101r\u012bgai lieto\u0161anai.<br \/>\nLietojiet l\u012bdzekli p\u0113c r\u016bp\u012bgas apstr\u0101d\u0101jam\u0101s zonas \u0101das virsmas p\u012blinga.<br \/>\nUzkl\u0101jiet \u017eeleju tie\u0161i uz \u0101das un veiciniet uzs\u016bk\u0161anos, mas\u0113jot ar ap\u013cveida kust\u012bb\u0101m no aug\u0161as uz leju.<br \/>\nProdukta lieto\u0161ana ar Ready To Use Saline Bandages Cellulite (K1075): uzkl\u0101jiet bag\u0101t\u012bgu Thermo Cellulite Bandages Gel sl\u0101ni un izveidojiet spir\u0101lveida p\u0101rs\u0113ju; atst\u0101j iedarboties vismaz 30 min\u016btes; no\u0146emiet p\u0101rs\u0113jus bez skalo\u0161anas.<br \/>\nProduktu ieteicams lietot kombin\u0101cij\u0101 ar presoterapijas seansiem (ja ir apr\u012bkojums), lai ieg\u016btu konkr\u0113tus un t\u016bl\u012bt\u0113jus rezult\u0101tus.<br \/>\nNav piem\u0113rots jut\u012bgai un maigai \u0101dai.<br \/>\nVeiciet \u0101rst\u0113\u0161anu \u0101rpus \u0113dienreiz\u0113m.<br \/>\nPirms un p\u0113c proced\u016bras izvairieties no karst\u0101m vann\u0101m vai du\u0161\u0101m, saun\u0101m un turku pirt\u012bm.<br \/>\nNelietojiet siltuma avotus pirms un p\u0113c lieto\u0161anas.<br \/>\nP\u0113c uzkl\u0101\u0161anas r\u016bp\u012bgi nomazg\u0101jiet rokas.<br \/>\nIzvairieties no saskares ar ac\u012bm.<br \/>\nSarg\u0101t no b\u0113rniem.<\/p>\n<p>SARKANIE \u010cILI PIPARI: neitraliz\u0113 celul\u012bta \u0101das plankumus, jo satur kapsaic\u012bnu, sast\u0101vda\u013cu, kas sp\u0113j stimul\u0113t asinsriti zon\u0101, ar kuru tas saskaras. Kapsaic\u012bns pal\u012bdz stimul\u0113t lok\u0101lo virsmas cirkul\u0101ciju, veicinot toniz\u0113jo\u0161u iedarb\u012bbu uz lokaliz\u0113tu aptauko\u0161anos.<\/p>\n<\/div>\n","protected":false},"excerpt":{"rendered":"<p>DR KRAUT BODY SLIM &#8211; THERMO CELLULITE* BANDAGES GEL WITH RED CHILLI PEPPER\u00a0 BODY SLIM &#8211; TERMO CELLULITE* BAND\u0100\u017dU GELS AR SARKAN\u0100M \u010cILLI PAPRIEM * Kosm\u0113tiskais pal\u012bgl\u012bdzeklis celul\u012bta \u0101das plankumu \u0101rst\u0113\u0161an\u0101 Karstas iedarb\u012bbas g\u0113ls ide\u0101li piem\u0113rots toniz\u0113jo\u0161ai proced\u016brai un k\u0101 kosm\u0113tisks pal\u012bgl\u012bdzeklis celul\u012bta \u0101das traipu \u0101rst\u0113\u0161an\u0101. Ide\u0101li piem\u0113rots \u0137erme\u0146a p\u0101rs\u0113jiem. \u0100da izskat\u012bsies toniz\u0113ta un kompakta. VEGAN FORMULA &#8211; 92,7% Dab\u012bgs Karst\u0101 efekta g\u0113ls indic\u0113ts intens\u012bvai celul\u012bta \u0101das plankumu \u0101rst\u0113\u0161anai. Sast\u0101v\u0101 eso\u0161ajam sarkanajam \u010dili ir sildo\u0161a iedarb\u012bba, pateicoties kapsaic\u012bna kl\u0101tb\u016btnei, vielai, kas izraisa siltumu, stimul\u0113jot virspus\u0113jo \u0101das mikrocirkul\u0101ciju. Thermo Gel var&hellip;<\/p>\n","protected":false},"featured_media":903,"template":"","meta":[],"product_brand":[],"product_cat":[64,73],"product_tag":[],"class_list":{"0":"post-931","1":"product","2":"type-product","3":"status-publish","4":"has-post-thumbnail","6":"product_cat-kermenu-kopsana","7":"product_cat-masaza","9":"first","10":"instock","11":"shipping-taxable","12":"purchasable","13":"product-type-simple"},"_links":{"self":[{"href":"https:\/\/www.happysunday.eu\/index.php?rest_route=\/wp\/v2\/product\/931","targetHints":{"allow":["GET"]}}],"collection":[{"href":"https:\/\/www.happysunday.eu\/index.php?rest_route=\/wp\/v2\/product"}],"about":[{"href":"https:\/\/www.happysunday.eu\/index.php?rest_route=\/wp\/v2\/types\/product"}],"wp:featuredmedia":[{"embeddable":true,"href":"https:\/\/www.happysunday.eu\/index.php?rest_route=\/wp\/v2\/media\/903"}],"wp:attachment":[{"href":"https:\/\/www.happysunday.eu\/index.php?rest_route=%2Fwp%2Fv2%2Fmedia&parent=931"}],"wp:term":[{"taxonomy":"product_brand","embeddable":true,"href":"https:\/\/www.happysunday.eu\/index.php?rest_route=%2Fwp%2Fv2%2Fproduct_brand&post=931"},{"taxonomy":"product_cat","embeddable":true,"href":"https:\/\/www.happysunday.eu\/index.php?rest_route=%2Fwp%2Fv2%2Fproduct_cat&post=931"},{"taxonomy":"product_tag","embeddable":true,"href":"https:\/\/www.happysunday.eu\/index.php?rest_route=%2Fwp%2Fv2%2Fproduct_tag&post=931"}],"curies":[{"name":"wp","href":"https:\/\/api.w.org\/{rel}","templated":true}]}}