{"id":9311,"date":"2026-04-14T17:20:07","date_gmt":"2026-04-14T17:20:07","guid":{"rendered":"https:\/\/www.happysunday.eu\/?post_type=product&#038;p=9311"},"modified":"2026-04-14T17:24:51","modified_gmt":"2026-04-14T17:24:51","slug":"pretcelulita-serums-koncentrats-ar-kofeinu-30ml","status":"publish","type":"product","link":"https:\/\/www.happysunday.eu\/?product=pretcelulita-serums-koncentrats-ar-kofeinu-30ml","title":{"rendered":"PRETCELUL\u012aTA SERUMS KONCENTR\u0100TS AR KOFE\u012aNU 30ml"},"content":{"rendered":"<p>BODY ACTIVES &#8211; KAFE\u012aNS Sp\u0113c\u012bga iedarb\u012bba pret celul\u012btu*<br \/>\n*Kosm\u0113tisks pal\u012bgl\u012bdzeklis celul\u012bta un \u0101das defektu \u0101rst\u0113\u0161an\u0101<\/p>\n<p>Viegla seruma formula, kas izstr\u0101d\u0101ta k\u0101 kosm\u0113tisks pal\u012bgl\u012bdzeklis celul\u012bta un liek\u0101 tauku izrais\u012btu defektu \u0101rst\u0113\u0161an\u0101. Kofe\u012bnam piem\u012bt stimul\u0113jo\u0161a, ener\u0123iz\u0113jo\u0161a un dren\u0113jo\u0161a iedarb\u012bba, kas ir ide\u0101li piem\u0113rota, lai pastiprin\u0101tu \u0101rst\u0113\u0161anas proced\u016bru efektivit\u0101ti un padar\u012btu \u0101du toniz\u0113tu un gludu.<br \/>\nVEG\u0100NA FORMULA &#8211; 92,79% DAB\u012aGA<\/p>\n<p>&nbsp;<\/p>\n<p>\u0160is l\u012bdzeklis ir paredz\u0113ts \u012bpa\u0161i izteikta celul\u012bta un lok\u0101lu tauku uzkr\u0101jumu izrais\u012btu \u0101das nepiln\u012bbu \u0101rst\u0113\u0161anai. Kofe\u012bna iedarb\u012bba ir lok\u0101la \u2013 t\u0101 iedarbojas uz zon\u0101m, kur\u0101s uzkr\u0101jas celul\u012bts un tauku sl\u0101nis. Regul\u0101ra \u201eCaffeine Active\u201c lieto\u0161ana kop\u0101 ar cit\u0101m proced\u016br\u0101m, kas v\u0113rstas pret celul\u012bta izrais\u012bt\u0101m \u0101das nepiln\u012bb\u0101m, pal\u012bdz saglab\u0101t gludu un stingru \u0101du zon\u0101s, kur\u0101s \u0161\u012bs nepiln\u012bbas parasti izpau\u017eas visvair\u0101k, piem\u0113ram, uz aug\u0161stilbiem, s\u0113\u017eamvietas un gurniem.<\/p>\n<p>Uzkl\u0101jiet da\u017eus pilienus akt\u012bv\u0101s vielas atsevi\u0161\u0137i vai kop\u0101 ar kr\u0113mu uz apstr\u0101d\u0101jam\u0101s zonas un iemas\u0113jiet ar ap\u013cveida kust\u012bb\u0101m.<br \/>\nLai veicin\u0101tu vielas uzs\u016bk\u0161anos un pastiprin\u0101tu akt\u012bv\u0101s vielas iedarb\u012bbu, vakuuma burkas.<\/p>\n<p>Funkcion\u0101l\u0101s sast\u0101vda\u013cas un \u012bpa\u0161\u012bbas<br \/>\nT\u012aRA KAFE\u012aNA: kafijas pupi\u0146\u0101s eso\u0161a viela, kam piem\u012bt lipol\u012btiskas \u012bpa\u0161\u012bbas, kas noder celul\u012bta izrais\u012btu \u0101das nepiln\u012bbu \u0101rst\u0113\u0161an\u0101. T\u0101 k\u0101 celul\u012bts ir saist\u012bts ar asinsrites trauc\u0113jumiem un starp\u0161\u016bnu \u0161\u0137idruma uzkr\u0101\u0161anos, ir lietder\u012bgi veikt dren\u0113jo\u0161u iedarb\u012bbu. Kofe\u012bns ir noder\u012bgs ar savu stimul\u0113jo\u0161o un izl\u012bdzino\u0161o iedarb\u012bbu uz tauku sl\u0101\u0146iem, kas ir pak\u013cauti celul\u012bta un \u201eapels\u012bna mizas\u201d \u0101das veido\u0161an\u0101s riskam.<\/p>\n<p>&nbsp;<\/p>\n","protected":false},"excerpt":{"rendered":"<p>BODY ACTIVES &#8211; KAFE\u012aNS Sp\u0113c\u012bga iedarb\u012bba pret celul\u012btu* *Kosm\u0113tisks pal\u012bgl\u012bdzeklis celul\u012bta un \u0101das defektu \u0101rst\u0113\u0161an\u0101 Viegla seruma formula, kas izstr\u0101d\u0101ta k\u0101 kosm\u0113tisks pal\u012bgl\u012bdzeklis celul\u012bta un liek\u0101 tauku izrais\u012btu defektu \u0101rst\u0113\u0161an\u0101. Kofe\u012bnam piem\u012bt stimul\u0113jo\u0161a, ener\u0123iz\u0113jo\u0161a un dren\u0113jo\u0161a iedarb\u012bba, kas ir ide\u0101li piem\u0113rota, lai pastiprin\u0101tu \u0101rst\u0113\u0161anas proced\u016bru efektivit\u0101ti un padar\u012btu \u0101du toniz\u0113tu un gludu. VEG\u0100NA FORMULA &#8211; 92,79% DAB\u012aGA &nbsp; \u0160is l\u012bdzeklis ir paredz\u0113ts \u012bpa\u0161i izteikta celul\u012bta un lok\u0101lu tauku uzkr\u0101jumu izrais\u012btu \u0101das nepiln\u012bbu \u0101rst\u0113\u0161anai. Kofe\u012bna iedarb\u012bba ir lok\u0101la \u2013 t\u0101 iedarbojas uz zon\u0101m, kur\u0101s uzkr\u0101jas celul\u012bts un tauku sl\u0101nis. Regul\u0101ra \u201eCaffeine&hellip;<\/p>\n","protected":false},"featured_media":9312,"template":"","meta":[],"product_brand":[],"product_cat":[64,73],"product_tag":[],"class_list":{"0":"post-9311","1":"product","2":"type-product","3":"status-publish","4":"has-post-thumbnail","6":"product_cat-kermenu-kopsana","7":"product_cat-masaza","9":"first","10":"instock","11":"shipping-taxable","12":"purchasable","13":"product-type-simple"},"_links":{"self":[{"href":"https:\/\/www.happysunday.eu\/index.php?rest_route=\/wp\/v2\/product\/9311","targetHints":{"allow":["GET"]}}],"collection":[{"href":"https:\/\/www.happysunday.eu\/index.php?rest_route=\/wp\/v2\/product"}],"about":[{"href":"https:\/\/www.happysunday.eu\/index.php?rest_route=\/wp\/v2\/types\/product"}],"wp:featuredmedia":[{"embeddable":true,"href":"https:\/\/www.happysunday.eu\/index.php?rest_route=\/wp\/v2\/media\/9312"}],"wp:attachment":[{"href":"https:\/\/www.happysunday.eu\/index.php?rest_route=%2Fwp%2Fv2%2Fmedia&parent=9311"}],"wp:term":[{"taxonomy":"product_brand","embeddable":true,"href":"https:\/\/www.happysunday.eu\/index.php?rest_route=%2Fwp%2Fv2%2Fproduct_brand&post=9311"},{"taxonomy":"product_cat","embeddable":true,"href":"https:\/\/www.happysunday.eu\/index.php?rest_route=%2Fwp%2Fv2%2Fproduct_cat&post=9311"},{"taxonomy":"product_tag","embeddable":true,"href":"https:\/\/www.happysunday.eu\/index.php?rest_route=%2Fwp%2Fv2%2Fproduct_tag&post=9311"}],"curies":[{"name":"wp","href":"https:\/\/api.w.org\/{rel}","templated":true}]}}