{"id":932,"date":"2021-01-30T13:04:48","date_gmt":"2021-01-30T13:04:48","guid":{"rendered":"https:\/\/www.happysunday.eu\/?post_type=product&#038;p=932"},"modified":"2026-04-22T19:57:33","modified_gmt":"2026-04-22T19:57:33","slug":"essential-oils-synergy-detox-draining-30ml-2","status":"publish","type":"product","link":"https:\/\/www.happysunday.eu\/?product=essential-oils-synergy-detox-draining-30ml-2","title":{"rendered":"\u0112TERISKO E\u013b\u013bU KOMPLEKTS \u0136ERMEN\u012aM DETOX EFEKTAM 30ml"},"content":{"rendered":"<div id=\"product-title\">\n<div class=\"result-shield-container tlid-copy-target\" tabindex=\"0\"><span class=\"tlid-translation translation\" lang=\"lv\">DR KRAUT <strong>BODY ACTIVES &#8211; <\/strong><b>ESSENTIAL OILS SYNERGY DETOX DRAINING<\/b><\/span><\/div>\n<div tabindex=\"0\"><\/div>\n<div class=\"result-shield-container tlid-copy-target\" tabindex=\"0\">\u0112terisko e\u013c\u013cu detox-draining komplekss &#8211; \u0113terisko e\u013c\u013cu aromterapijas kompoz\u012bcija, kas paredz\u0113ta sp\u0113c\u012bgam detox un limfodren\u0101\u017eas efektam. Darb\u012bbas pamat\u0101 ir mikrocirkul\u0101cijas un aizpl\u016b\u0161anas stimul\u0113\u0161ana, kas veicina akt\u012bvo toks\u012bnu izvad\u012b\u0161anu no organisma. Darb\u012bba ir v\u0113rsta tie\u0161i uz epidermu, dzi\u013cajiem \u0101das sl\u0101\u0146iem un o\u017eas receptoriem, kas pal\u012bdz uzlabot \u0137erme\u0146a visp\u0101r\u0113jo mikrocirkul\u0101ciju. Z\u0101les var izmantot k\u0101 sagatavo\u0161anos \u0137erme\u0146a proced\u016bru kursam pretcelul\u012bta programm\u0101, k\u0101 ar\u012b cit\u0101s proced\u016br\u0101s, atkar\u012bb\u0101 no indik\u0101cij\u0101m.<br \/>\nLieto\u0161ana: uz \u0137erme\u0146a \u0101das ielieciet vajadz\u012bgo daudzumu pilienu prepar\u0101ta un izdaliet ar viegl\u0101m ap\u013cveida kust\u012bb\u0101m, l\u012bdz tas piln\u012bb\u0101 uzs\u016bcas. Var apvienot ar mas\u0101\u017eas un limfodren\u0101\u017eas tehnik\u0101m. Var ar\u012b pievienot pie cities kosm\u0113tiskiem \u0137erme\u0146a produktiem.<\/div>\n<div class=\"result-shield-container tlid-copy-target\" tabindex=\"0\">Akt\u012bv\u0101s sast\u0101vda\u013cas: saldo mande\u013cu e\u013c\u013ca, kurkuma e\u013c\u013ca, piparm\u0113tru e\u013c\u013ca, kan\u0113\u013ca e\u013c\u013ca, ingvera e\u013c\u013ca, tokoferols, lavandas e\u013c\u013ca, t\u0113jas koka e\u013c\u013ca, rozmar\u012bna e\u013c\u013ca, \u012bru s\u016bnu ekstrakts, citrona e\u013c\u013ca.<br \/>\nMANDE\u013bU E\u013b\u013bA: aukst\u0101 e\u013c\u013ca, kas ieg\u016bta no saldaj\u0101m mandel\u0113m un bag\u0101ta ar t\u0101diem mikroelementiem k\u0101 linolsk\u0101be un D vitam\u012bns, kas noder \u0101das elast\u012bbas saglab\u0101\u0161anai.<br \/>\nKANE\u013bA, ZEDO\u0100RIJAS UN INGVERA \u0112TERISKO E\u013b\u013bU MAIS\u012aJUMS: v\u0113rt\u012bgs mais\u012bjums, kam rakstur\u012bgas efekt\u012bvas toniz\u0113jo\u0161as \u012bpa\u0161\u012bbas, kas veicina \u0101das mikrocirkul\u0101ciju un toniz\u0113 celul\u012bta un \u016bdens aizture pak\u013caut\u0101s zonas.<br \/>\nLAVANDAS \u0112TERISK\u0100 E\u013b\u013bA: \u0113terisk\u0101 e\u013c\u013ca, kas ieg\u016bta no lavandas ziediem, raksturojas ar nomierino\u0161\u0101m un att\u012bro\u0161\u0101m \u012bpa\u0161\u012bb\u0101m.<br \/>\nROZMAR\u012aNA \u0112TERISK\u0100 E\u013b\u013bA: ieg\u016bta no rozmar\u012bna lap\u0101m, tai piem\u012bt att\u012bro\u0161as, toniz\u0113jo\u0161as, atsvaidzino\u0161as un stimul\u0113jo\u0161as \u012bpa\u0161\u012bbas.<br \/>\nMINT \u0112TERISK\u0100 E\u013b\u013bA: ieg\u016bta no piparm\u0113tru auga lap\u0101m, t\u0101s atsvaidzino\u0161\u0101 iedarb\u012bba stimul\u0113 virsmas mikrocirkul\u0101ciju un sast\u0101vda\u013cu, ar kur\u0101m t\u0101 ir sajaukta, uzs\u016bk\u0161anos.<br \/>\nCITRONU \u0112TERISK\u0100 E\u013b\u013bA: ieg\u016bta no aug\u013ciem, tai piem\u012bt att\u012bro\u0161as un atsvaidzino\u0161as \u012bpa\u0161\u012bbas, kas ir noder\u012bgas k\u0101 kosm\u0113tiskais pal\u012bgl\u012bdzeklis \u016bdens aiztures un celul\u012bta \u0101das nepiln\u012bbu \u0101rst\u0113\u0161an\u0101.<br \/>\nT\u0112JAS KOKA E\u013b\u013bA: \u0113terisk\u0101 e\u013c\u013ca, kas ieg\u016bta, destil\u0113jot Melaleuca lapas ar tvaiku, tai piem\u012bt atsvaidzino\u0161as un att\u012bro\u0161as \u012bpa\u0161\u012bbas.<\/div>\n<\/div>\n","protected":false},"excerpt":{"rendered":"<p>DR KRAUT BODY ACTIVES &#8211; ESSENTIAL OILS SYNERGY DETOX DRAINING \u0112terisko e\u013c\u013cu detox-draining komplekss &#8211; \u0113terisko e\u013c\u013cu aromterapijas kompoz\u012bcija, kas paredz\u0113ta sp\u0113c\u012bgam detox un limfodren\u0101\u017eas efektam. Darb\u012bbas pamat\u0101 ir mikrocirkul\u0101cijas un aizpl\u016b\u0161anas stimul\u0113\u0161ana, kas veicina akt\u012bvo toks\u012bnu izvad\u012b\u0161anu no organisma. Darb\u012bba ir v\u0113rsta tie\u0161i uz epidermu, dzi\u013cajiem \u0101das sl\u0101\u0146iem un o\u017eas receptoriem, kas pal\u012bdz uzlabot \u0137erme\u0146a visp\u0101r\u0113jo mikrocirkul\u0101ciju. Z\u0101les var izmantot k\u0101 sagatavo\u0161anos \u0137erme\u0146a proced\u016bru kursam pretcelul\u012bta programm\u0101, k\u0101 ar\u012b cit\u0101s proced\u016br\u0101s, atkar\u012bb\u0101 no indik\u0101cij\u0101m. Lieto\u0161ana: uz \u0137erme\u0146a \u0101das ielieciet vajadz\u012bgo daudzumu pilienu prepar\u0101ta un izdaliet ar viegl\u0101m ap\u013cveida kust\u012bb\u0101m,&hellip;<\/p>\n","protected":false},"featured_media":7743,"template":"","meta":[],"product_brand":[],"product_cat":[64,73,58],"product_tag":[],"class_list":{"0":"post-932","1":"product","2":"type-product","3":"status-publish","4":"has-post-thumbnail","6":"product_cat-kermenu-kopsana","7":"product_cat-masaza","8":"product_cat-super-sale","10":"first","11":"instock","12":"sale","13":"shipping-taxable","14":"purchasable","15":"product-type-simple"},"_links":{"self":[{"href":"https:\/\/www.happysunday.eu\/index.php?rest_route=\/wp\/v2\/product\/932","targetHints":{"allow":["GET"]}}],"collection":[{"href":"https:\/\/www.happysunday.eu\/index.php?rest_route=\/wp\/v2\/product"}],"about":[{"href":"https:\/\/www.happysunday.eu\/index.php?rest_route=\/wp\/v2\/types\/product"}],"wp:featuredmedia":[{"embeddable":true,"href":"https:\/\/www.happysunday.eu\/index.php?rest_route=\/wp\/v2\/media\/7743"}],"wp:attachment":[{"href":"https:\/\/www.happysunday.eu\/index.php?rest_route=%2Fwp%2Fv2%2Fmedia&parent=932"}],"wp:term":[{"taxonomy":"product_brand","embeddable":true,"href":"https:\/\/www.happysunday.eu\/index.php?rest_route=%2Fwp%2Fv2%2Fproduct_brand&post=932"},{"taxonomy":"product_cat","embeddable":true,"href":"https:\/\/www.happysunday.eu\/index.php?rest_route=%2Fwp%2Fv2%2Fproduct_cat&post=932"},{"taxonomy":"product_tag","embeddable":true,"href":"https:\/\/www.happysunday.eu\/index.php?rest_route=%2Fwp%2Fv2%2Fproduct_tag&post=932"}],"curies":[{"name":"wp","href":"https:\/\/api.w.org\/{rel}","templated":true}]}}