{"id":9322,"date":"2026-04-24T09:45:53","date_gmt":"2026-04-24T09:45:53","guid":{"rendered":"https:\/\/www.happysunday.eu\/?post_type=product&#038;p=9322"},"modified":"2026-04-24T09:48:24","modified_gmt":"2026-04-24T09:48:24","slug":"mixsoon-toniks-spilventini-ar-azijas-centellas-ekstraktu-120gb","status":"publish","type":"product","link":"https:\/\/www.happysunday.eu\/?product=mixsoon-toniks-spilventini-ar-azijas-centellas-ekstraktu-120gb","title":{"rendered":"MIXSOON &#8211; TONIKS-SPILVENTI\u0145I AR \u0100ZIJAS CENTELLAS EKSTRAKTU 120GB"},"content":{"rendered":"<div id=\"product-title\">\n<div id=\"shopify-section-template--28365282410843__tabs\" class=\"shopify-section content-indent default\">\n<div id=\"ProductSection-template--28365282410843__tabs\" class=\" fullwidth\" data-section-id=\"template--28365282410843__tabs\" data-section-type=\"productTabs\">\n<div id=\"productTabs\">\n<div class=\"tab-container mb30 noTabs\">\n<div id=\"ptabDesc\" class=\"tab-content\">\n<div class=\"tb_pr_desc rte\">\n<p>Toniks-spilventi\u0146i <strong>Mixsoon Centella Asiatica Toner Pad<\/strong> \u2014 tie ir daudzfunkcion\u0101li mitrino\u0161i spilventi\u0146i, kas pies\u016bcin\u0101ti ar \u0100zijas centellas ekstrakta esenci. Tie efekt\u012bvi nomierina kairin\u0101to \u0101du, mazina aps\u0101rtumu un iekaisumu, k\u0101 ar\u012b veicina aizsargbarjeras atjauno\u0161anos. Piem\u0113roti visiem \u0101das tipiem, tostarp, jut\u012bgai \u0101dai.<\/p>\n<p><strong>Galven\u0101s akt\u012bv\u0101s vielas:<\/strong><\/p>\n<ul>\n<li><strong>\u0100zijas centellas ekstrakts <\/strong>\u2014 nodro\u0161ina sp\u0113c\u012bgu pretiekaisuma un dzied\u0113jo\u0161u iedarb\u012bbu, k\u0101 ar\u012b veicina \u0101das atjauno\u0161anos.<\/li>\n<li><strong>Alanto\u012bns<\/strong> \u2014 nomierina \u0101du, nov\u0113r\u0161 kairin\u0101jumu un veicina mikroboj\u0101jumu dz\u012b\u0161anas procesu.<\/li>\n<li><strong>Beta\u012bns<\/strong> \u2014 mitrina un aizkav\u0113 mitrumu \u0101d\u0101, k\u0101 ar\u012b uzlabo t\u0101s elast\u012bbu.<\/li>\n<li><strong>Keram\u012bds NP <\/strong>\u2014 nostiprina \u0101das aizsargbarjeru, nov\u0113r\u0161 mitruma zaud\u0113\u0161anu un aizsarg\u0101 no \u0101r\u0113j\u0101s vides negat\u012bv\u0101s ietekmes.<\/li>\n<\/ul>\n<p><strong>Lieto\u0161ana:<\/strong><\/p>\n<p>P\u0113c \u0101das att\u012br\u012b\u0161anas akur\u0101ti not\u012briet seju ar spilventi\u0146u, izvairoties no \u0101das ap ac\u012bm. Lai nodro\u0161in\u0101tu intens\u012bvu kop\u0161anu, izmantojiet spilventi\u0146us k\u0101 masku, novietojot tos uz probl\u0113mzon\u0101m un \u013caujot tiem iedarboties 10\u201315 min\u016btes. Spilventi\u0146us var p\u0101rgriezt uz pus\u0113m, lai var\u0113tu tos \u0113rt\u0101k uzkl\u0101t uz neliel\u0101m \u0101das zon\u0101m.<\/p>\n<\/div>\n<\/div>\n<\/div>\n<\/div>\n<\/div>\n<\/div>\n<section id=\"shopify-section-template--28365282410843__17278867031e017cd0\" class=\"shopify-section section\">\n<div class=\"content-indent default\">\n<div id=\"template--28365282410843__17278867031e017cd0\" class=\"page-width \" data-section-id=\"template--28365282410843__17278867031e017cd0\" data-section-type=\"carousel\">\n<div id=\"shopify-block-AMzJWZzNZVzJ6enRkN__loox_reviews_loox_dynamic_section_TpRzK9\" class=\"shopify-block shopify-app-block\"><\/div>\n<\/div>\n<\/div>\n<\/section>\n<\/div>\n","protected":false},"excerpt":{"rendered":"<p>Toniks-spilventi\u0146i Mixsoon Centella Asiatica Toner Pad \u2014 tie ir daudzfunkcion\u0101li mitrino\u0161i spilventi\u0146i, kas pies\u016bcin\u0101ti ar \u0100zijas centellas ekstrakta esenci. Tie efekt\u012bvi nomierina kairin\u0101to \u0101du, mazina aps\u0101rtumu un iekaisumu, k\u0101 ar\u012b veicina aizsargbarjeras atjauno\u0161anos. Piem\u0113roti visiem \u0101das tipiem, tostarp, jut\u012bgai \u0101dai. Galven\u0101s akt\u012bv\u0101s vielas: \u0100zijas centellas ekstrakts \u2014 nodro\u0161ina sp\u0113c\u012bgu pretiekaisuma un dzied\u0113jo\u0161u iedarb\u012bbu, k\u0101 ar\u012b veicina \u0101das atjauno\u0161anos. Alanto\u012bns \u2014 nomierina \u0101du, nov\u0113r\u0161 kairin\u0101jumu un veicina mikroboj\u0101jumu dz\u012b\u0161anas procesu. Beta\u012bns \u2014 mitrina un aizkav\u0113 mitrumu \u0101d\u0101, k\u0101 ar\u012b uzlabo t\u0101s elast\u012bbu. Keram\u012bds NP \u2014 nostiprina \u0101das aizsargbarjeru, nov\u0113r\u0161 mitruma zaud\u0113\u0161anu&hellip;<\/p>\n","protected":false},"featured_media":9323,"template":"","meta":[],"product_brand":[],"product_cat":[86,58],"product_tag":[],"class_list":{"0":"post-9322","1":"product","2":"type-product","3":"status-publish","4":"has-post-thumbnail","6":"product_cat-korejas-kosmetika","7":"product_cat-super-sale","9":"first","10":"instock","11":"sale","12":"shipping-taxable","13":"purchasable","14":"product-type-simple"},"_links":{"self":[{"href":"https:\/\/www.happysunday.eu\/index.php?rest_route=\/wp\/v2\/product\/9322","targetHints":{"allow":["GET"]}}],"collection":[{"href":"https:\/\/www.happysunday.eu\/index.php?rest_route=\/wp\/v2\/product"}],"about":[{"href":"https:\/\/www.happysunday.eu\/index.php?rest_route=\/wp\/v2\/types\/product"}],"wp:featuredmedia":[{"embeddable":true,"href":"https:\/\/www.happysunday.eu\/index.php?rest_route=\/wp\/v2\/media\/9323"}],"wp:attachment":[{"href":"https:\/\/www.happysunday.eu\/index.php?rest_route=%2Fwp%2Fv2%2Fmedia&parent=9322"}],"wp:term":[{"taxonomy":"product_brand","embeddable":true,"href":"https:\/\/www.happysunday.eu\/index.php?rest_route=%2Fwp%2Fv2%2Fproduct_brand&post=9322"},{"taxonomy":"product_cat","embeddable":true,"href":"https:\/\/www.happysunday.eu\/index.php?rest_route=%2Fwp%2Fv2%2Fproduct_cat&post=9322"},{"taxonomy":"product_tag","embeddable":true,"href":"https:\/\/www.happysunday.eu\/index.php?rest_route=%2Fwp%2Fv2%2Fproduct_tag&post=9322"}],"curies":[{"name":"wp","href":"https:\/\/api.w.org\/{rel}","templated":true}]}}