{"id":939,"date":"2021-01-30T13:30:35","date_gmt":"2021-01-30T13:30:35","guid":{"rendered":"https:\/\/www.happysunday.eu\/?post_type=product&#038;p=939"},"modified":"2026-04-07T06:56:29","modified_gmt":"2026-04-07T06:56:29","slug":"hoot-cream-500ml","status":"publish","type":"product","link":"https:\/\/www.happysunday.eu\/?product=hoot-cream-500ml","title":{"rendered":"KR\u0112MS K\u0100J\u0100M UN P\u0112D\u0100M 500ml"},"content":{"rendered":"<div id=\"product-title\">\n<p><strong>Foot Cream\u00a0<\/strong>P\u0113du kr\u0113ms ar \u0161\u012b sviestu un piparm\u0113tru.<\/p>\n<p>Kr\u0113ms ir paredz\u0113ts jut\u012bgai p\u0113du \u0101dai. Piparm\u0113tru \u0113terisk\u0101 e\u013c\u013ca un mentols pie\u0161\u0137ir svaigumu un atbr\u012bvo noguru\u0161\u0101s k\u0101jas. \u0160\u012b sviests r\u016bp\u0113jas par maigu \u0101du. Piem\u0113rots gan m\u0101j\u0101m, gan profesion\u0101lai lieto\u0161anai. Nav taukains un \u0101tri uzs\u016bcas.<\/p>\n<p>Lieto\u0161ana: uzkl\u0101jiet kr\u0113mu un injic\u0113jiet ar mas\u0101\u017eas kust\u012bb\u0101m.<\/p>\n<p>Akt\u012bv\u0101s sast\u0101vda\u013cas: piparm\u0113tru \u0113terisk\u0101 e\u013c\u013ca, \u0161\u012b sviests, kampara e\u013c\u013ca, eikalipta e\u013c\u013ca, mentols, sojas e\u013c\u013ca, d\u0101rze\u0146u glicer\u012bns.<\/p>\n<\/div>\n","protected":false},"excerpt":{"rendered":"<p>Foot Cream\u00a0P\u0113du kr\u0113ms ar \u0161\u012b sviestu un piparm\u0113tru. Kr\u0113ms ir paredz\u0113ts jut\u012bgai p\u0113du \u0101dai. Piparm\u0113tru \u0113terisk\u0101 e\u013c\u013ca un mentols pie\u0161\u0137ir svaigumu un atbr\u012bvo noguru\u0161\u0101s k\u0101jas. \u0160\u012b sviests r\u016bp\u0113jas par maigu \u0101du. Piem\u0113rots gan m\u0101j\u0101m, gan profesion\u0101lai lieto\u0161anai. Nav taukains un \u0101tri uzs\u016bcas. Lieto\u0161ana: uzkl\u0101jiet kr\u0113mu un injic\u0113jiet ar mas\u0101\u017eas kust\u012bb\u0101m. Akt\u012bv\u0101s sast\u0101vda\u013cas: piparm\u0113tru \u0113terisk\u0101 e\u013c\u013ca, \u0161\u012b sviests, kampara e\u013c\u013ca, eikalipta e\u013c\u013ca, mentols, sojas e\u013c\u013ca, d\u0101rze\u0146u glicer\u012bns.<\/p>\n","protected":false},"featured_media":901,"template":"","meta":[],"product_brand":[],"product_cat":[64],"product_tag":[],"class_list":{"0":"post-939","1":"product","2":"type-product","3":"status-publish","4":"has-post-thumbnail","6":"product_cat-kermenu-kopsana","8":"first","9":"instock","10":"shipping-taxable","11":"purchasable","12":"product-type-simple"},"_links":{"self":[{"href":"https:\/\/www.happysunday.eu\/index.php?rest_route=\/wp\/v2\/product\/939","targetHints":{"allow":["GET"]}}],"collection":[{"href":"https:\/\/www.happysunday.eu\/index.php?rest_route=\/wp\/v2\/product"}],"about":[{"href":"https:\/\/www.happysunday.eu\/index.php?rest_route=\/wp\/v2\/types\/product"}],"wp:featuredmedia":[{"embeddable":true,"href":"https:\/\/www.happysunday.eu\/index.php?rest_route=\/wp\/v2\/media\/901"}],"wp:attachment":[{"href":"https:\/\/www.happysunday.eu\/index.php?rest_route=%2Fwp%2Fv2%2Fmedia&parent=939"}],"wp:term":[{"taxonomy":"product_brand","embeddable":true,"href":"https:\/\/www.happysunday.eu\/index.php?rest_route=%2Fwp%2Fv2%2Fproduct_brand&post=939"},{"taxonomy":"product_cat","embeddable":true,"href":"https:\/\/www.happysunday.eu\/index.php?rest_route=%2Fwp%2Fv2%2Fproduct_cat&post=939"},{"taxonomy":"product_tag","embeddable":true,"href":"https:\/\/www.happysunday.eu\/index.php?rest_route=%2Fwp%2Fv2%2Fproduct_tag&post=939"}],"curies":[{"name":"wp","href":"https:\/\/api.w.org\/{rel}","templated":true}]}}